{"id":256,"date":"2026-01-13T12:23:18","date_gmt":"2026-01-13T12:23:18","guid":{"rendered":"https:\/\/canmayvell.com\/politica-de-proteccio-de-dades\/"},"modified":"2026-01-13T20:28:29","modified_gmt":"2026-01-13T20:28:29","slug":"politica-de-proteccio-de-dades","status":"publish","type":"page","link":"https:\/\/canmayvell.com\/ca\/politica-de-proteccio-de-dades\/","title":{"rendered":"Pol\u00edtica de protecci\u00f3 de dades"},"content":{"rendered":"\t\t<div data-elementor-type=\"wp-page\" data-elementor-id=\"256\" class=\"elementor elementor-256 elementor-176\" data-elementor-post-type=\"page\">\n\t\t\t\t<div class=\"elementor-element elementor-element-3038e905 e-flex e-con-boxed e-con e-parent\" data-id=\"3038e905\" data-element_type=\"container\" data-e-type=\"container\" data-settings=\"{&quot;background_background&quot;:&quot;classic&quot;}\">\n\t\t\t\t\t<div class=\"e-con-inner\">\n\t\t\t\t<div class=\"elementor-element elementor-element-54f63103 elementor-widget elementor-widget-text-editor\" data-id=\"54f63103\" data-element_type=\"widget\" data-e-type=\"widget\" data-widget_type=\"text-editor.default\">\n\t\t\t\t\t\t\t\t\t<p>CAN MAY VELL<\/p>\t\t\t\t\t\t\t\t<\/div>\n\t\t\t\t<div class=\"elementor-element elementor-element-6fe5330e elementor-widget elementor-widget-heading\" data-id=\"6fe5330e\" data-element_type=\"widget\" data-e-type=\"widget\" data-widget_type=\"heading.default\">\n\t\t\t\t\t<h1 class=\"elementor-heading-title elementor-size-default\">Pol\u00edtica de protecci\u00f3 de dades<\/h1>\t\t\t\t<\/div>\n\t\t\t\t\t<\/div>\n\t\t\t\t<\/div>\n\t\t<div class=\"elementor-element elementor-element-5d93afb7 e-flex e-con-boxed e-con e-parent\" data-id=\"5d93afb7\" data-element_type=\"container\" data-e-type=\"container\" data-settings=\"{&quot;background_background&quot;:&quot;classic&quot;}\">\n\t\t\t\t\t<div class=\"e-con-inner\">\n\t\t\t\t<div class=\"elementor-element elementor-element-b57a781 elementor-widget elementor-widget-text-editor\" data-id=\"b57a781\" data-element_type=\"widget\" data-e-type=\"widget\" data-widget_type=\"text-editor.default\">\n\t\t\t\t\t\t\t\t\t<h3 data-start=\"2146\" data-end=\"2176\">Responsable del tractament<\/h3><ul data-start=\"2177\" data-end=\"2327\"><li data-start=\"2177\" data-end=\"2219\"><p data-start=\"2179\" data-end=\"2219\"><strong data-start=\"2179\" data-end=\"2195\">Responsable:<\/strong> Miquel Masramon Ordis<\/p><\/li><li data-start=\"2220\" data-end=\"2242\"><p data-start=\"2222\" data-end=\"2242\"><strong data-start=\"2222\" data-end=\"2230\">DNI:<\/strong> 40302953F<\/p><\/li><li data-start=\"2243\" data-end=\"2292\"><p data-start=\"2245\" data-end=\"2292\"><strong data-start=\"2245\" data-end=\"2259\">Adre\u00e7a:<\/strong> Carrer Muntaner 500, Barcelona<\/p><\/li><li data-start=\"2293\" data-end=\"2327\"><p data-start=\"2295\" data-end=\"2327\"><strong data-start=\"2295\" data-end=\"2305\">Email:<\/strong> <a class=\"decorated-link cursor-pointer\" rel=\"noopener\" data-start=\"2306\" data-end=\"2325\">hola@canmayvell.com<\/a><\/p><\/li><\/ul><h3 data-start=\"2334\" data-end=\"2368\">Tractament de dades personals<\/h3><p data-start=\"2369\" data-end=\"2479\">En aquest lloc web <strong data-start=\"2387\" data-end=\"2442\">no es recullen dades personals mitjan\u00e7ant formularis<\/strong>, ni es realitza registre d&#8217;usuaris.<\/p><p data-start=\"2481\" data-end=\"2650\">Les dades personals que puguin facilitar-se en el context d&#8217;una <strong data-start=\"2547\" data-end=\"2558\">reserva<\/strong> (per correu electr\u00f2nic, tel\u00e8fon o plataformes externes) seran tractades \u00fanicament amb la finalitat de:<\/p><ul data-start=\"2651\" data-end=\"2765\"><li data-start=\"2651\" data-end=\"2688\"><p data-start=\"2653\" data-end=\"2688\">Gestionar la reserva i l&#8217;estada.<\/p><\/li><li data-start=\"2689\" data-end=\"2765\"><p data-start=\"2691\" data-end=\"2765\">Complir amb les obligacions legals aplicables a allotjaments tur\u00edstics.<\/p><\/li><\/ul><h3 data-start=\"2772\" data-end=\"2785\">Base legal<\/h3><p data-start=\"2786\" data-end=\"2836\">La base legal per al tractament de les dades \u00e9s:<\/p><ul data-start=\"2837\" data-end=\"2964\"><li data-start=\"2837\" data-end=\"2921\"><p data-start=\"2839\" data-end=\"2921\">L&#8217;execuci\u00f3 d&#8217;una relaci\u00f3 precontractual o contractual (gesti\u00f3 de la reserva).<\/p><\/li><li data-start=\"2922\" data-end=\"2964\"><p data-start=\"2924\" data-end=\"2964\">El compliment d&#8217;obligacions legals.<\/p><\/li><\/ul><h3 data-start=\"2971\" data-end=\"2999\">Conservaci\u00f3 de les dades<\/h3><p data-start=\"3000\" data-end=\"3156\">Les dades es conservaran \u00fanicament durant el temps necessari per complir amb la finalitat per a la qual van ser recollides i els terminis legalment exigits.<\/p><h3 data-start=\"3163\" data-end=\"3179\">Destinataris<\/h3><p data-start=\"3180\" data-end=\"3405\">No se cediran dades a tercers, tret d&#8217;obligaci\u00f3 legal o quan la gesti\u00f3 de la reserva es realitzi a trav\u00e9s de plataformes externes com Booking, Airbnb o altres similars, que disposen de les seves pr\u00f2pies pol\u00edtiques de privacitat.<\/p><h3 data-start=\"3412\" data-end=\"3435\">Drets de l&#8217;usuari<\/h3><p data-start=\"3436\" data-end=\"3477\">L&#8217;usuari pot exercir els drets de:<\/p><ul data-start=\"3478\" data-end=\"3556\"><li data-start=\"3478\" data-end=\"3486\"><p data-start=\"3480\" data-end=\"3486\">Acc\u00e9s<\/p><\/li><li data-start=\"3487\" data-end=\"3502\"><p data-start=\"3489\" data-end=\"3502\">Rectificaci\u00f3<\/p><\/li><li data-start=\"3503\" data-end=\"3514\"><p data-start=\"3505\" data-end=\"3514\">Supressi\u00f3<\/p><\/li><li data-start=\"3515\" data-end=\"3527\"><p data-start=\"3517\" data-end=\"3527\">Limitaci\u00f3<\/p><\/li><li data-start=\"3528\" data-end=\"3539\"><p data-start=\"3530\" data-end=\"3539\">Oposici\u00f3<\/p><\/li><li data-start=\"3540\" data-end=\"3556\"><p data-start=\"3542\" data-end=\"3556\">Portabilitat<\/p><\/li><\/ul><p data-start=\"3558\" data-end=\"3680\">mitjan\u00e7ant sol\u00b7licitud escrita al correu electr\u00f2nic <strong data-start=\"3607\" data-end=\"3630\"><a class=\"decorated-link cursor-pointer\" rel=\"noopener\" data-start=\"3609\" data-end=\"3628\">hola@canmayvell.com<\/a><\/strong>, adjuntant c\u00f2pia d&#8217;un document identificatiu.<\/p>\t\t\t\t\t\t\t\t<\/div>\n\t\t\t\t\t<\/div>\n\t\t\t\t<\/div>\n\t\t\t\t<\/div>\n\t\t","protected":false},"excerpt":{"rendered":"<p>CAN MAY VELL Pol\u00edtica de protecci\u00f3 de dades Responsable del tractament Responsable: Miquel Masramon Ordis DNI: 40302953F Adre\u00e7a: Carrer Muntaner 500, Barcelona Email: hola@canmayvell.com Tractament de dades personals En aquest lloc web no es recullen dades personals mitjan\u00e7ant formularis, ni es realitza registre d&#8217;usuaris. Les dades personals que puguin facilitar-se en el context d&#8217;una reserva [&hellip;]<\/p>\n","protected":false},"author":1,"featured_media":0,"parent":0,"menu_order":0,"comment_status":"closed","ping_status":"closed","template":"","meta":{"footnotes":""},"class_list":["post-256","page","type-page","status-publish","hentry"],"_links":{"self":[{"href":"https:\/\/canmayvell.com\/ca\/wp-json\/wp\/v2\/pages\/256","targetHints":{"allow":["GET"]}}],"collection":[{"href":"https:\/\/canmayvell.com\/ca\/wp-json\/wp\/v2\/pages"}],"about":[{"href":"https:\/\/canmayvell.com\/ca\/wp-json\/wp\/v2\/types\/page"}],"author":[{"embeddable":true,"href":"https:\/\/canmayvell.com\/ca\/wp-json\/wp\/v2\/users\/1"}],"replies":[{"embeddable":true,"href":"https:\/\/canmayvell.com\/ca\/wp-json\/wp\/v2\/comments?post=256"}],"version-history":[{"count":0,"href":"https:\/\/canmayvell.com\/ca\/wp-json\/wp\/v2\/pages\/256\/revisions"}],"wp:attachment":[{"href":"https:\/\/canmayvell.com\/ca\/wp-json\/wp\/v2\/media?parent=256"}],"curies":[{"name":"wp","href":"https:\/\/api.w.org\/{rel}","templated":true}]}}