{"id":254,"date":"2026-01-13T12:23:37","date_gmt":"2026-01-13T12:23:37","guid":{"rendered":"https:\/\/canmayvell.com\/politica-de-cancellacio\/"},"modified":"2026-01-13T20:27:53","modified_gmt":"2026-01-13T20:27:53","slug":"politica-de-cancellacio","status":"publish","type":"page","link":"https:\/\/canmayvell.com\/ca\/politica-de-cancellacio\/","title":{"rendered":"Pol\u00edtica de cancel\u00b7laci\u00f3"},"content":{"rendered":"\t\t<div data-elementor-type=\"wp-page\" data-elementor-id=\"254\" class=\"elementor elementor-254 elementor-178\" data-elementor-post-type=\"page\">\n\t\t\t\t<div class=\"elementor-element elementor-element-1d846e41 e-flex e-con-boxed e-con e-parent\" data-id=\"1d846e41\" data-element_type=\"container\" data-e-type=\"container\" data-settings=\"{&quot;background_background&quot;:&quot;classic&quot;}\">\n\t\t\t\t\t<div class=\"e-con-inner\">\n\t\t\t\t<div class=\"elementor-element elementor-element-513d35e9 elementor-widget elementor-widget-text-editor\" data-id=\"513d35e9\" data-element_type=\"widget\" data-e-type=\"widget\" data-widget_type=\"text-editor.default\">\n\t\t\t\t\t\t\t\t\t<p>CAN MAY VELL<\/p>\t\t\t\t\t\t\t\t<\/div>\n\t\t\t\t<div class=\"elementor-element elementor-element-7bb0cea1 elementor-widget elementor-widget-heading\" data-id=\"7bb0cea1\" data-element_type=\"widget\" data-e-type=\"widget\" data-widget_type=\"heading.default\">\n\t\t\t\t\t<h1 class=\"elementor-heading-title elementor-size-default\">Pol\u00edtica de cancel\u00b7laci\u00f3<\/h1>\t\t\t\t<\/div>\n\t\t\t\t\t<\/div>\n\t\t\t\t<\/div>\n\t\t<div class=\"elementor-element elementor-element-2a914d57 e-flex e-con-boxed e-con e-parent\" data-id=\"2a914d57\" data-element_type=\"container\" data-e-type=\"container\" data-settings=\"{&quot;background_background&quot;:&quot;classic&quot;}\">\n\t\t\t\t\t<div class=\"e-con-inner\">\n\t\t\t\t<div class=\"elementor-element elementor-element-55d5da28 elementor-widget elementor-widget-text-editor\" data-id=\"55d5da28\" data-element_type=\"widget\" data-e-type=\"widget\" data-widget_type=\"text-editor.default\">\n\t\t\t\t\t\t\t\t\t<h3 style=\"text-align: left;\" data-start=\"3860\" data-end=\"3876\">Cancel\u00b7lacions<\/h3><ul style=\"text-align: left;\" data-start=\"3877\" data-end=\"4136\"><li data-start=\"3877\" data-end=\"3976\"><p>El client pot <strong data-start=\"3896\" data-end=\"3929\">cancel\u00b7lar la reserva sense cost<\/strong> fins a <strong data-start=\"3936\" data-end=\"3952\">7 dies abans<\/strong> de la data d&#8217;entrada.<\/p><\/li><li data-start=\"3977\" data-end=\"4136\"><p data-start=\"3979\" data-end=\"4136\">Les cancel\u00b7lacions realitzades fora d&#8217;aquest termini podran comportar la p\u00e8rdua de la reserva, segons les condicions acordades en el moment de la confirmaci\u00f3.<\/p><\/li><\/ul><p style=\"text-align: left;\" data-start=\"4143\" data-end=\"4161\">No presentaci\u00f3<\/p><p style=\"text-align: left;\" data-start=\"4162\" data-end=\"4283\">En cas de no presentar-se el dia d&#8217;arribada sense previ av\u00eds, la reserva podr\u00e0 considerar-se cancel\u00b7lada autom\u00e0ticament.<\/p><h3 style=\"text-align: left;\" data-start=\"4290\" data-end=\"4334\">Reserves a trav\u00e9s de plataformes externes<\/h3><p style=\"text-align: left;\" data-start=\"4335\" data-end=\"4538\">Les reserves realitzades mitjan\u00e7ant <strong data-start=\"4368\" data-end=\"4407\">Booking, Airbnb o altres plataformes<\/strong> es regiran per les <strong data-start=\"4427\" data-end=\"4489\">pol\u00edtiques de cancel\u00b7laci\u00f3 espec\u00edfiques d&#8217;aquestes plataformes<\/strong>, prevalent aquestes sobre la present pol\u00edtica.<\/p><h3 style=\"text-align: left;\" data-start=\"4545\" data-end=\"4562\">Modificacions<\/h3><p style=\"text-align: left;\" data-start=\"4545\" data-end=\"4562\">El titular es reserva el dret a modificar aquesta pol\u00edtica de cancel\u00b7laci\u00f3 quan sigui necessari, informant de les condicions aplicables en el moment de la reserva.<\/p>\t\t\t\t\t\t\t\t<\/div>\n\t\t\t\t\t<\/div>\n\t\t\t\t<\/div>\n\t\t\t\t<\/div>\n\t\t","protected":false},"excerpt":{"rendered":"<p>CAN MAY VELL Pol\u00edtica de cancel\u00b7laci\u00f3 Cancel\u00b7lacions El client pot cancel\u00b7lar la reserva sense cost fins a 7 dies abans de la data d&#8217;entrada. Les cancel\u00b7lacions realitzades fora d&#8217;aquest termini podran comportar la p\u00e8rdua de la reserva, segons les condicions acordades en el moment de la confirmaci\u00f3. No presentaci\u00f3 En cas de no presentar-se el [&hellip;]<\/p>\n","protected":false},"author":1,"featured_media":0,"parent":0,"menu_order":0,"comment_status":"closed","ping_status":"closed","template":"","meta":{"footnotes":""},"class_list":["post-254","page","type-page","status-publish","hentry"],"_links":{"self":[{"href":"https:\/\/canmayvell.com\/ca\/wp-json\/wp\/v2\/pages\/254","targetHints":{"allow":["GET"]}}],"collection":[{"href":"https:\/\/canmayvell.com\/ca\/wp-json\/wp\/v2\/pages"}],"about":[{"href":"https:\/\/canmayvell.com\/ca\/wp-json\/wp\/v2\/types\/page"}],"author":[{"embeddable":true,"href":"https:\/\/canmayvell.com\/ca\/wp-json\/wp\/v2\/users\/1"}],"replies":[{"embeddable":true,"href":"https:\/\/canmayvell.com\/ca\/wp-json\/wp\/v2\/comments?post=254"}],"version-history":[{"count":0,"href":"https:\/\/canmayvell.com\/ca\/wp-json\/wp\/v2\/pages\/254\/revisions"}],"wp:attachment":[{"href":"https:\/\/canmayvell.com\/ca\/wp-json\/wp\/v2\/media?parent=254"}],"curies":[{"name":"wp","href":"https:\/\/api.w.org\/{rel}","templated":true}]}}