{"id":252,"date":"2026-01-13T12:23:54","date_gmt":"2026-01-13T12:23:54","guid":{"rendered":"https:\/\/canmayvell.com\/avis-legal\/"},"modified":"2026-01-13T20:27:25","modified_gmt":"2026-01-13T20:27:25","slug":"avis-legal","status":"publish","type":"page","link":"https:\/\/canmayvell.com\/ca\/avis-legal\/","title":{"rendered":"Av\u00eds Legal"},"content":{"rendered":"\t\t<div data-elementor-type=\"wp-page\" data-elementor-id=\"252\" class=\"elementor elementor-252 elementor-180\" data-elementor-post-type=\"page\">\n\t\t\t\t<div class=\"elementor-element elementor-element-4f1f99c e-flex e-con-boxed e-con e-parent\" data-id=\"4f1f99c\" data-element_type=\"container\" data-e-type=\"container\" data-settings=\"{&quot;background_background&quot;:&quot;classic&quot;}\">\n\t\t\t\t\t<div class=\"e-con-inner\">\n\t\t\t\t<div class=\"elementor-element elementor-element-e5d4d68 elementor-widget elementor-widget-text-editor\" data-id=\"e5d4d68\" data-element_type=\"widget\" data-e-type=\"widget\" data-widget_type=\"text-editor.default\">\n\t\t\t\t\t\t\t\t\t<p>CAN MAY VELL<\/p>\t\t\t\t\t\t\t\t<\/div>\n\t\t\t\t<div class=\"elementor-element elementor-element-13fbcb30 elementor-widget elementor-widget-heading\" data-id=\"13fbcb30\" data-element_type=\"widget\" data-e-type=\"widget\" data-widget_type=\"heading.default\">\n\t\t\t\t\t<h1 class=\"elementor-heading-title elementor-size-default\">Av\u00eds Legal<\/h1>\t\t\t\t<\/div>\n\t\t\t\t\t<\/div>\n\t\t\t\t<\/div>\n\t\t<div class=\"elementor-element elementor-element-12439392 e-flex e-con-boxed e-con e-parent\" data-id=\"12439392\" data-element_type=\"container\" data-e-type=\"container\" data-settings=\"{&quot;background_background&quot;:&quot;classic&quot;}\">\n\t\t\t\t\t<div class=\"e-con-inner\">\n\t\t\t\t<div class=\"elementor-element elementor-element-60ea96c elementor-widget elementor-widget-text-editor\" data-id=\"60ea96c\" data-element_type=\"widget\" data-e-type=\"widget\" data-widget_type=\"text-editor.default\">\n\t\t\t\t\t\t\t\t\t<p data-start=\"320\" data-end=\"521\"><strong data-start=\"320\" data-end=\"345\">Titular del lloc web<\/strong><br data-start=\"345\" data-end=\"348\">En compliment de la Llei 34\/2002, de Serveis de la Societat de la Informaci\u00f3 i de Comer\u00e7 Electr\u00f2nic (LSSI-CE), s&#8217;informa que aquest lloc web \u00e9s titularitat de:<\/p><ul data-start=\"523\" data-end=\"781\"><li data-start=\"523\" data-end=\"561\"><p data-start=\"525\" data-end=\"561\"><strong data-start=\"525\" data-end=\"537\">Titular:<\/strong> Miquel Masramon Ordis<\/p><\/li><li data-start=\"562\" data-end=\"584\"><p data-start=\"564\" data-end=\"584\"><strong data-start=\"564\" data-end=\"572\">DNI:<\/strong> 40302953F<\/p><\/li><li data-start=\"585\" data-end=\"634\"><p data-start=\"587\" data-end=\"634\"><strong data-start=\"587\" data-end=\"601\">Domicili:<\/strong> Carrer Muntaner 500, Barcelona<\/p><\/li><li data-start=\"635\" data-end=\"682\"><p data-start=\"637\" data-end=\"682\"><strong data-start=\"637\" data-end=\"660\">Correu electr\u00f2nic:<\/strong> <a class=\"decorated-link cursor-pointer\" rel=\"noopener\" data-start=\"661\" data-end=\"680\">hola@canmayvell.com<\/a><\/p><\/li><li data-start=\"683\" data-end=\"736\"><p data-start=\"685\" data-end=\"736\"><strong data-start=\"685\" data-end=\"699\">Activitat:<\/strong> Casa rural \/ allotjament tur\u00edstic<\/p><\/li><li data-start=\"737\" data-end=\"781\"><p data-start=\"739\" data-end=\"781\"><strong data-start=\"739\" data-end=\"764\">Nom del lloc web:<\/strong> canmayvell.com<\/p><\/li><\/ul><h3 data-start=\"788\" data-end=\"797\">Objecte<\/h3><p data-start=\"798\" data-end=\"987\">Aquest lloc web t\u00e9 com a finalitat oferir informaci\u00f3 sobre la casa rural Can May Vell i permetre la <strong data-start=\"908\" data-end=\"933\">sol\u00b7licitud de reserves<\/strong>, sense que es realitzin pagaments en l\u00ednia a trav\u00e9s del web.<\/p><h3 data-start=\"994\" data-end=\"1015\">Condicions d&#8217;\u00fas<\/h3><p data-start=\"1016\" data-end=\"1228\">L&#8217;acc\u00e9s i \u00fas d&#8217;aquesta web atribueix la condici\u00f3 d&#8217;usuari, implicant l&#8217;acceptaci\u00f3 plena d&#8217;aquestes condicions. L&#8217;usuari es compromet a fer un \u00fas adequat dels continguts i serveis oferts. <\/p><p data-start=\"1230\" data-end=\"1355\">El titular es reserva el dret a modificar en qualsevol moment els continguts del lloc web sense necessitat de previ av\u00eds.<\/p><h3 data-start=\"1362\" data-end=\"1380\">Responsabilitat<\/h3><p data-start=\"1381\" data-end=\"1418\">El titular no es fa responsable de:<\/p><ul data-start=\"1419\" data-end=\"1618\"><li data-start=\"1419\" data-end=\"1461\"><p data-start=\"1421\" data-end=\"1461\">El mal \u00fas que es faci del lloc web.<\/p><\/li><li data-start=\"1462\" data-end=\"1565\"><p data-start=\"1464\" data-end=\"1565\">La informaci\u00f3 publicada per tercers o en plataformes externes de reserva (Booking, Airbnb o altres).<\/p><\/li><li data-start=\"1566\" data-end=\"1618\"><p data-start=\"1568\" data-end=\"1618\">Possibles interrupcions t\u00e8cniques del servei web.<\/p><\/li><\/ul><h3 data-start=\"1625\" data-end=\"1649\">Propietat intel\u00b7lectual<\/h3><p data-start=\"1650\" data-end=\"1866\">Tots els continguts del lloc web (textos, imatges, logotips, disseny, etc.) s\u00f3n propietat del titular o disposen dels drets necessaris per al seu \u00fas, i queda prohibida la seva reproducci\u00f3 sense autoritzaci\u00f3 expressa.<\/p><h3 data-start=\"1873\" data-end=\"1897\">Legislaci\u00f3 aplicable<\/h3><p data-start=\"1898\" data-end=\"2101\">La relaci\u00f3 entre el titular i l&#8217;usuari es regir\u00e0 per la normativa espanyola vigent. Per a qualsevol controv\u00e8rsia, ambdues parts se sotmeten als jutjats i tribunals que corresponguin conforme a la llei. <\/p>\t\t\t\t\t\t\t\t<\/div>\n\t\t\t\t\t<\/div>\n\t\t\t\t<\/div>\n\t\t\t\t<\/div>\n\t\t","protected":false},"excerpt":{"rendered":"<p>CAN MAY VELL Av\u00eds Legal Titular del lloc webEn compliment de la Llei 34\/2002, de Serveis de la Societat de la Informaci\u00f3 i de Comer\u00e7 Electr\u00f2nic (LSSI-CE), s&#8217;informa que aquest lloc web \u00e9s titularitat de: Titular: Miquel Masramon Ordis DNI: 40302953F Domicili: Carrer Muntaner 500, Barcelona Correu electr\u00f2nic: hola@canmayvell.com Activitat: Casa rural \/ allotjament tur\u00edstic [&hellip;]<\/p>\n","protected":false},"author":1,"featured_media":0,"parent":0,"menu_order":0,"comment_status":"closed","ping_status":"closed","template":"","meta":{"footnotes":""},"class_list":["post-252","page","type-page","status-publish","hentry"],"_links":{"self":[{"href":"https:\/\/canmayvell.com\/ca\/wp-json\/wp\/v2\/pages\/252","targetHints":{"allow":["GET"]}}],"collection":[{"href":"https:\/\/canmayvell.com\/ca\/wp-json\/wp\/v2\/pages"}],"about":[{"href":"https:\/\/canmayvell.com\/ca\/wp-json\/wp\/v2\/types\/page"}],"author":[{"embeddable":true,"href":"https:\/\/canmayvell.com\/ca\/wp-json\/wp\/v2\/users\/1"}],"replies":[{"embeddable":true,"href":"https:\/\/canmayvell.com\/ca\/wp-json\/wp\/v2\/comments?post=252"}],"version-history":[{"count":0,"href":"https:\/\/canmayvell.com\/ca\/wp-json\/wp\/v2\/pages\/252\/revisions"}],"wp:attachment":[{"href":"https:\/\/canmayvell.com\/ca\/wp-json\/wp\/v2\/media?parent=252"}],"curies":[{"name":"wp","href":"https:\/\/api.w.org\/{rel}","templated":true}]}}