{"id":235,"date":"2026-01-07T11:47:37","date_gmt":"2026-01-07T11:47:37","guid":{"rendered":"https:\/\/canmayvell.com\/esdeveniments-sala-de-reunions\/"},"modified":"2026-01-13T19:14:37","modified_gmt":"2026-01-13T19:14:37","slug":"esdeveniments-sala-de-reunions","status":"publish","type":"page","link":"https:\/\/canmayvell.com\/ca\/esdeveniments-sala-de-reunions\/","title":{"rendered":"ESDEVENIMENTS &amp; SALA DE REUNIONS"},"content":{"rendered":"\t\t<div data-elementor-type=\"wp-page\" data-elementor-id=\"235\" class=\"elementor elementor-235 elementor-47\" data-elementor-post-type=\"page\">\n\t\t\t\t<div class=\"elementor-element elementor-element-139305e2 e-flex e-con-boxed e-con e-parent\" data-id=\"139305e2\" data-element_type=\"container\" data-e-type=\"container\" data-settings=\"{&quot;background_background&quot;:&quot;classic&quot;}\">\n\t\t\t\t\t<div class=\"e-con-inner\">\n\t\t\t\t<div class=\"elementor-element elementor-element-25c45ff1 elementor-widget elementor-widget-text-editor\" data-id=\"25c45ff1\" data-element_type=\"widget\" data-e-type=\"widget\" data-widget_type=\"text-editor.default\">\n\t\t\t\t\t\t\t\t\t<p>CAN MAY VELL<\/p>\t\t\t\t\t\t\t\t<\/div>\n\t\t\t\t<div class=\"elementor-element elementor-element-3472fa5b elementor-widget elementor-widget-heading\" data-id=\"3472fa5b\" data-element_type=\"widget\" data-e-type=\"widget\" data-widget_type=\"heading.default\">\n\t\t\t\t\t<h1 class=\"elementor-heading-title elementor-size-default\">Lloguer de sala de reunions a l'Empord\u00e0<\/h1>\t\t\t\t<\/div>\n\t\t\t\t<div class=\"elementor-element elementor-element-33a4d78f elementor-widget elementor-widget-button\" data-id=\"33a4d78f\" data-element_type=\"widget\" data-e-type=\"widget\" data-widget_type=\"button.default\">\n\t\t\t\t\t\t\t\t\t\t<a class=\"elementor-button elementor-button-link elementor-size-sm\" href=\"#\">\n\t\t\t\t\t\t<span class=\"elementor-button-content-wrapper\">\n\t\t\t\t\t\t\t\t\t<span class=\"elementor-button-text\">RESERVA<\/span>\n\t\t\t\t\t<\/span>\n\t\t\t\t\t<\/a>\n\t\t\t\t\t\t\t\t<\/div>\n\t\t\t\t\t<\/div>\n\t\t\t\t<\/div>\n\t\t<div class=\"elementor-element elementor-element-6233810 e-flex e-con-boxed e-con e-parent\" data-id=\"6233810\" data-element_type=\"container\" data-e-type=\"container\" data-settings=\"{&quot;background_background&quot;:&quot;classic&quot;}\">\n\t\t\t\t\t<div class=\"e-con-inner\">\n\t\t\t\t<div class=\"elementor-element elementor-element-11308053 elementor-widget elementor-widget-text-editor\" data-id=\"11308053\" data-element_type=\"widget\" data-e-type=\"widget\" data-widget_type=\"text-editor.default\">\n\t\t\t\t\t\t\t\t\t<p>Can May Vell tamb\u00e9 pot acollir trobades familiars i esdeveniments d&#8217;empresa, a m\u00e9s d&#8217;activitats com ara meditaci\u00f3, ioga, gastronomia i experi\u00e8ncies respectuoses amb l&#8217;entorn. Tamb\u00e9 es valoren propostes per a anuncis o rodatges. <\/p>\t\t\t\t\t\t\t\t<\/div>\n\t\t\t\t\t<\/div>\n\t\t\t\t<\/div>\n\t\t<div class=\"elementor-element elementor-element-5a9c3ad3 e-flex e-con-boxed e-con e-parent\" data-id=\"5a9c3ad3\" data-element_type=\"container\" data-e-type=\"container\">\n\t\t\t\t\t<div class=\"e-con-inner\">\n\t\t<div class=\"elementor-element elementor-element-48e3b8cd e-grid e-con-full e-con e-child\" data-id=\"48e3b8cd\" data-element_type=\"container\" data-e-type=\"container\">\n\t\t\t\t<div class=\"elementor-element elementor-element-42d53f2e elementor-widget elementor-widget-heading\" data-id=\"42d53f2e\" data-element_type=\"widget\" data-e-type=\"widget\" data-widget_type=\"heading.default\">\n\t\t\t\t\t<h2 class=\"elementor-heading-title elementor-size-default\">Espais per a empreses i grups<\/h2>\t\t\t\t<\/div>\n\t\t\t\t<div class=\"elementor-element elementor-element-20dc33bd elementor-widget elementor-widget-text-editor\" data-id=\"20dc33bd\" data-element_type=\"widget\" data-e-type=\"widget\" data-widget_type=\"text-editor.default\">\n\t\t\t\t\t\t\t\t\t<p>La finca permet combinar treball i desconnexi\u00f3: espais interiors c\u00f2modes, exteriors amplis, privacitat i un entorn que convida a pensar amb claredat (i a acabar el dia amb una bona conversa).<\/p>\t\t\t\t\t\t\t\t<\/div>\n\t\t\t\t<\/div>\n\t\t\t\t\t<\/div>\n\t\t\t\t<\/div>\n\t\t<div class=\"elementor-element elementor-element-20589687 e-grid e-con-boxed e-con e-parent\" data-id=\"20589687\" data-element_type=\"container\" data-e-type=\"container\">\n\t\t\t\t\t<div class=\"e-con-inner\">\n\t\t<div class=\"elementor-element elementor-element-f39ef3f e-con-full e-flex e-con e-child\" data-id=\"f39ef3f\" data-element_type=\"container\" data-e-type=\"container\">\n\t\t<div class=\"elementor-element elementor-element-641010bb e-con-full e-flex e-con e-child\" data-id=\"641010bb\" data-element_type=\"container\" data-e-type=\"container\">\n\t\t\t\t<div class=\"elementor-element elementor-element-96256ee elementor-widget elementor-widget-heading\" data-id=\"96256ee\" data-element_type=\"widget\" data-e-type=\"widget\" data-widget_type=\"heading.default\">\n\t\t\t\t\t<h3 class=\"elementor-heading-title elementor-size-default\">Equipament<\/h3>\t\t\t\t<\/div>\n\t\t\t\t<div class=\"elementor-element elementor-element-74c7df51 elementor-widget elementor-widget-text-editor\" data-id=\"74c7df51\" data-element_type=\"widget\" data-e-type=\"widget\" data-widget_type=\"text-editor.default\">\n\t\t\t\t\t\t\t\t\t<p>WiFi per fibra \u00f2ptica amb repetidors per a cobertura a habitacions i patis exteriors<\/p><p>Climatitzaci\u00f3 (aire fred\/calor) a les estances principals<\/p><p>Espais interiors i exteriors per organitzar el format que necessiti el grup<\/p>\t\t\t\t\t\t\t\t<\/div>\n\t\t\t\t<\/div>\n\t\t\t\t<\/div>\n\t\t<div class=\"elementor-element elementor-element-659242df e-con-full e-flex e-con e-child\" data-id=\"659242df\" data-element_type=\"container\" data-e-type=\"container\">\n\t\t<div class=\"elementor-element elementor-element-6f4f1d29 e-con-full e-flex e-con e-child\" data-id=\"6f4f1d29\" data-element_type=\"container\" data-e-type=\"container\">\n\t\t\t\t<div class=\"elementor-element elementor-element-1dd431d elementor-widget elementor-widget-heading\" data-id=\"1dd431d\" data-element_type=\"widget\" data-e-type=\"widget\" data-widget_type=\"heading.default\">\n\t\t\t\t\t<h3 class=\"elementor-heading-title elementor-size-default\">Tarifes<\/h3>\t\t\t\t<\/div>\n\t\t\t\t<div class=\"elementor-element elementor-element-2c1ef1a0 elementor-widget elementor-widget-text-editor\" data-id=\"2c1ef1a0\" data-element_type=\"widget\" data-e-type=\"widget\" data-widget_type=\"text-editor.default\">\n\t\t\t\t\t\t\t\t\t<p>Tarifes i condicions sota consulta, segons dates, format i necessitats de l&#8217;esdeveniment.<\/p>\t\t\t\t\t\t\t\t<\/div>\n\t\t\t\t<\/div>\n\t\t\t\t<\/div>\n\t\t<div class=\"elementor-element elementor-element-2f930697 e-con-full e-flex e-con e-child\" data-id=\"2f930697\" data-element_type=\"container\" data-e-type=\"container\">\n\t\t<div class=\"elementor-element elementor-element-1ca387de e-con-full e-flex e-con e-child\" data-id=\"1ca387de\" data-element_type=\"container\" data-e-type=\"container\">\n\t\t\t\t<div class=\"elementor-element elementor-element-4b1dd62f elementor-widget elementor-widget-heading\" data-id=\"4b1dd62f\" data-element_type=\"widget\" data-e-type=\"widget\" data-widget_type=\"heading.default\">\n\t\t\t\t\t<h3 class=\"elementor-heading-title elementor-size-default\">Allotjament + sala (pack empreses)<\/h3>\t\t\t\t<\/div>\n\t\t\t\t<div class=\"elementor-element elementor-element-1e050908 elementor-widget elementor-widget-text-editor\" data-id=\"1e050908\" data-element_type=\"widget\" data-e-type=\"widget\" data-widget_type=\"text-editor.default\">\n\t\t\t\t\t\t\t\t\t<p>Opci\u00f3 de combinar estada completa amb sessions de treball, \u00e0pats o experi\u00e8ncies (xef, tastos, ioga, massatges, activitats\u2026).<\/p>\t\t\t\t\t\t\t\t<\/div>\n\t\t\t\t<\/div>\n\t\t\t\t<\/div>\n\t\t\t\t\t<\/div>\n\t\t\t\t<\/div>\n\t\t<div class=\"elementor-element elementor-element-56c4790 e-flex e-con-boxed e-con e-parent\" data-id=\"56c4790\" data-element_type=\"container\" data-e-type=\"container\">\n\t\t\t\t\t<div class=\"e-con-inner\">\n\t\t<div class=\"elementor-element elementor-element-a4c955e e-grid e-con-full e-con e-child\" data-id=\"a4c955e\" data-element_type=\"container\" data-e-type=\"container\">\n\t\t\t\t<div class=\"elementor-element elementor-element-66f3312 elementor-widget elementor-widget-heading\" data-id=\"66f3312\" data-element_type=\"widget\" data-e-type=\"widget\" data-widget_type=\"heading.default\">\n\t\t\t\t\t<h2 class=\"elementor-heading-title elementor-size-default\">On som<\/h2>\t\t\t\t<\/div>\n\t\t\t\t<div class=\"elementor-element elementor-element-6d68195 elementor-widget elementor-widget-text-editor\" data-id=\"6d68195\" data-element_type=\"widget\" data-e-type=\"widget\" data-widget_type=\"text-editor.default\">\n\t\t\t\t\t\t\t\t\t<p>Als afores de Foix\u00e0, Baix Empord\u00e0 (Girona), amb acc\u00e9s c\u00f2mode i a prop de l&#8217;estaci\u00f3 de Fla\u00e7\u00e0.<\/p><p>Nota important: en cap cas s&#8217;admeten festes que alterin la tranquil\u00b7litat de la zona o puguin molestar els ve\u00efns.<\/p>\t\t\t\t\t\t\t\t<\/div>\n\t\t\t\t<\/div>\n\t\t\t\t\t<\/div>\n\t\t\t\t<\/div>\n\t\t<div class=\"elementor-element elementor-element-2a2cbdbb e-grid e-con-boxed e-con e-parent\" data-id=\"2a2cbdbb\" data-element_type=\"container\" data-e-type=\"container\">\n\t\t\t\t\t<div class=\"e-con-inner\">\n\t\t\t\t<div class=\"elementor-element elementor-element-f236988 elementor-widget elementor-widget-google_maps\" data-id=\"f236988\" data-element_type=\"widget\" data-e-type=\"widget\" data-widget_type=\"google_maps.default\">\n\t\t\t\t\t\t\t<div class=\"elementor-custom-embed\">\n\t\t\t<iframe loading=\"lazy\"\n\t\t\t\t\tsrc=\"https:\/\/maps.google.com\/maps?q=42.03913819314616%2C%202.9959402418132184&#038;t=m&#038;z=16&#038;output=embed&#038;iwloc=near\"\n\t\t\t\t\ttitle=\"42.03913819314616, 2.9959402418132184\"\n\t\t\t\t\taria-label=\"42.03913819314616, 2.9959402418132184\"\n\t\t\t><\/iframe>\n\t\t<\/div>\n\t\t\t\t\t\t<\/div>\n\t\t\t\t\t<\/div>\n\t\t\t\t<\/div>\n\t\t<div class=\"elementor-element elementor-element-11107272 e-flex e-con-boxed e-con e-parent\" data-id=\"11107272\" data-element_type=\"container\" data-e-type=\"container\" data-settings=\"{&quot;background_background&quot;:&quot;classic&quot;}\">\n\t\t\t\t\t<div class=\"e-con-inner\">\n\t\t\t\t<div class=\"elementor-element elementor-element-64cb4dc4 elementor-widget elementor-widget-text-editor\" data-id=\"64cb4dc4\" data-element_type=\"widget\" data-e-type=\"widget\" data-widget_type=\"text-editor.default\">\n\t\t\t\t\t\t\t\t\t<p>Contacte i reserves<\/p>\t\t\t\t\t\t\t\t<\/div>\n\t\t\t\t<div class=\"elementor-element elementor-element-7d2b91d6 elementor-widget elementor-widget-text-editor\" data-id=\"7d2b91d6\" data-element_type=\"widget\" data-e-type=\"widget\" data-widget_type=\"text-editor.default\">\n\t\t\t\t\t\t\t\t\t<p>Per a disponibilitat, preus i reserves:<\/p>\t\t\t\t\t\t\t\t<\/div>\n\t\t\t\t<div class=\"elementor-element elementor-element-74b57440 elementor-widget elementor-widget-text-editor\" data-id=\"74b57440\" data-element_type=\"widget\" data-e-type=\"widget\" data-widget_type=\"text-editor.default\">\n\t\t\t\t\t\t\t\t\t<p><strong>+34 646 525 252 <a href=\"mailto:hola@canvayvell.com\">hola@canvayvell.com<\/a><\/strong><\/p>\t\t\t\t\t\t\t\t<\/div>\n\t\t\t\t<div class=\"elementor-element elementor-element-38a76e4c elementor-widget elementor-widget-button\" data-id=\"38a76e4c\" data-element_type=\"widget\" data-e-type=\"widget\" data-widget_type=\"button.default\">\n\t\t\t\t\t\t\t\t\t\t<a class=\"elementor-button elementor-button-link elementor-size-sm\" href=\"#\">\n\t\t\t\t\t\t<span class=\"elementor-button-content-wrapper\">\n\t\t\t\t\t\t\t\t\t<span class=\"elementor-button-text\">RESERVA<\/span>\n\t\t\t\t\t<\/span>\n\t\t\t\t\t<\/a>\n\t\t\t\t\t\t\t\t<\/div>\n\t\t\t\t\t<\/div>\n\t\t\t\t<\/div>\n\t\t\t\t<\/div>\n\t\t","protected":false},"excerpt":{"rendered":"<p>CAN MAY VELL Lloguer de sala de reunions a l&#8217;Empord\u00e0 RESERVA Can May Vell tamb\u00e9 pot acollir trobades familiars i esdeveniments d&#8217;empresa, a m\u00e9s d&#8217;activitats com ara meditaci\u00f3, ioga, gastronomia i experi\u00e8ncies respectuoses amb l&#8217;entorn. Tamb\u00e9 es valoren propostes per a anuncis o rodatges. Espais per a empreses i grups La finca permet combinar treball [&hellip;]<\/p>\n","protected":false},"author":1,"featured_media":0,"parent":0,"menu_order":0,"comment_status":"closed","ping_status":"closed","template":"","meta":{"footnotes":""},"class_list":["post-235","page","type-page","status-publish","hentry"],"_links":{"self":[{"href":"https:\/\/canmayvell.com\/ca\/wp-json\/wp\/v2\/pages\/235","targetHints":{"allow":["GET"]}}],"collection":[{"href":"https:\/\/canmayvell.com\/ca\/wp-json\/wp\/v2\/pages"}],"about":[{"href":"https:\/\/canmayvell.com\/ca\/wp-json\/wp\/v2\/types\/page"}],"author":[{"embeddable":true,"href":"https:\/\/canmayvell.com\/ca\/wp-json\/wp\/v2\/users\/1"}],"replies":[{"embeddable":true,"href":"https:\/\/canmayvell.com\/ca\/wp-json\/wp\/v2\/comments?post=235"}],"version-history":[{"count":0,"href":"https:\/\/canmayvell.com\/ca\/wp-json\/wp\/v2\/pages\/235\/revisions"}],"wp:attachment":[{"href":"https:\/\/canmayvell.com\/ca\/wp-json\/wp\/v2\/media?parent=235"}],"curies":[{"name":"wp","href":"https:\/\/api.w.org\/{rel}","templated":true}]}}